{"id":13715,"date":"2023-04-25T16:29:53","date_gmt":"2023-04-25T15:29:53","guid":{"rendered":"https:\/\/parfumminis.com\/?post_type=product&#038;p=13715"},"modified":"2023-04-25T16:38:45","modified_gmt":"2023-04-25T15:38:45","slug":"white-chantilly-75ml-parfum","status":"publish","type":"product","link":"https:\/\/parfumminis.com\/en\/shop\/parfumminiaturen\/minis-d\/dana1608804074\/white-chantilly-75ml-parfum\/","title":{"rendered":"White Chantilly 7,5ml Parfum"},"content":{"rendered":"<p><span style=\"font-family: Trebuchet MS,verdana,sans-serif\">7,5 ml Parfum, klarer Verschlu\u00df, Klarglas, klares Etikett mit silbernem und wei\u00dfem Druck, wei\u00dfes Bodenetikett, 82 mm hoch, USA<br \/>\n1\/4 fl.oz perfume, clear lid, clear glass, clear label with silver and white print, white bottom label, 82 mm tall, USA<\/span><\/p>\n<p><span style=\"font-family: Trebuchet MS,verdana,sans-serif\">\u2014\u2014\u2014 f\u00fcr F\u00fcllstand siehe Bild\/er \u2014\u2014\u2014 for contents see picture\/s \u2014\u2014\u2014<\/span><\/p>","protected":false},"excerpt":{"rendered":"<p>7,5 ml Parfum, klarer Verschlu\u00df, Klarglas, klares Etikett mit silbernem und wei\u00dfem Druck, wei\u00dfes Bodenetikett, 82 mm hoch, USA 1\/4 fl.oz perfume, clear lid, clear glass, clear label with silver and white print, white bottom label, 82 mm tall, USA \u2014\u2014\u2014 f\u00fcr F\u00fcllstand siehe Bild\/er \u2014\u2014\u2014 for contents see picture\/s \u2014\u2014\u2014<\/p>","protected":false},"featured_media":13716,"comment_status":"open","ping_status":"closed","template":"","meta":[],"product_brand":[],"product_cat":[766],"product_tag":[1610,1420,1419,1424,3530],"class_list":{"0":"post-13715","1":"product","2":"type-product","3":"status-publish","4":"has-post-thumbnail","6":"product_cat-dana1608804074","7":"product_tag-dana","8":"product_tag-mini-perfume","9":"product_tag-miniature-perfume-bottle","10":"product_tag-parfumminiatur","11":"product_tag-white-chantilly","13":"first","14":"instock","15":"taxable","16":"shipping-taxable","17":"purchasable","18":"product-type-simple"},"_links":{"self":[{"href":"https:\/\/parfumminis.com\/en\/wp-json\/wp\/v2\/product\/13715","targetHints":{"allow":["GET"]}}],"collection":[{"href":"https:\/\/parfumminis.com\/en\/wp-json\/wp\/v2\/product"}],"about":[{"href":"https:\/\/parfumminis.com\/en\/wp-json\/wp\/v2\/types\/product"}],"replies":[{"embeddable":true,"href":"https:\/\/parfumminis.com\/en\/wp-json\/wp\/v2\/comments?post=13715"}],"wp:featuredmedia":[{"embeddable":true,"href":"https:\/\/parfumminis.com\/en\/wp-json\/wp\/v2\/media\/13716"}],"wp:attachment":[{"href":"https:\/\/parfumminis.com\/en\/wp-json\/wp\/v2\/media?parent=13715"}],"wp:term":[{"taxonomy":"product_brand","embeddable":true,"href":"https:\/\/parfumminis.com\/en\/wp-json\/wp\/v2\/product_brand?post=13715"},{"taxonomy":"product_cat","embeddable":true,"href":"https:\/\/parfumminis.com\/en\/wp-json\/wp\/v2\/product_cat?post=13715"},{"taxonomy":"product_tag","embeddable":true,"href":"https:\/\/parfumminis.com\/en\/wp-json\/wp\/v2\/product_tag?post=13715"}],"curies":[{"name":"wp","href":"https:\/\/api.w.org\/{rel}","templated":true}]}}