{"id":13394,"date":"2023-02-17T18:03:41","date_gmt":"2023-02-17T17:03:41","guid":{"rendered":"https:\/\/parfumminis.com\/?post_type=product&#038;p=13394"},"modified":"2023-02-17T13:36:17","modified_gmt":"2023-02-17T12:36:17","slug":"je-reviens-75ml-parfum-le-medaillon-lalique","status":"publish","type":"product","link":"https:\/\/parfumminis.com\/en\/shop\/parfumminiaturen-alt-vintage\/worth\/je-reviens-75ml-parfum-le-medaillon-lalique\/","title":{"rendered":"Je Reviens 7,5ml Parfum &#8222;Le Medaillon&#8220; &#8211; Lalique"},"content":{"rendered":"<p><span style=\"color: #615043\"><span style=\"font-family: Trebuchet MS,verdana,sans-serif\">ALT &#8211; 7,5 ml Parfum, goldener Metall-Schraubverschlu\u00df, goldenes H\u00e4ngeetikett mit rotem Druck, hellblaues Glas mit blauem Druck, Bodenpr\u00e4gung &#8222;Lalique&#8220;, 52 mm hoch, mit schwarzer H\u00fclle + Box<br \/>\n<\/span><\/span><span style=\"color: #615043\"><span style=\"font-family: Trebuchet MS,verdana,sans-serif\">VINTAGE &#8211; 1\/4 fl.oz perfume, golden metal screw-on lid, golden hangtag with red print, light blue glass with blue print, &#8222;Lalique&#8220; embossed on bottom, 52 mm tall, w\/ black sleeve + box<br \/>\n<\/span><\/span><\/p>","protected":false},"excerpt":{"rendered":"<p>ALT &#8211; 7,5 ml Parfum, goldener Metall-Schraubverschlu\u00df, goldenes H\u00e4ngeetikett mit rotem Druck, hellblaues Glas mit blauem Druck, Bodenpr\u00e4gung &#8222;Lalique&#8220;, 52 mm hoch, mit schwarzer H\u00fclle + Box VINTAGE &#8211; 1\/4 fl.oz perfume, golden metal screw-on lid, golden hangtag with red print, light blue glass with blue print, &#8222;Lalique&#8220; embossed on bottom, 52 mm tall, w\/ [&hellip;]<\/p>","protected":false},"featured_media":13395,"comment_status":"open","ping_status":"closed","template":"","meta":[],"product_brand":[],"product_cat":[1006,3478],"product_tag":[2735,1419,1424,3479,1541],"class_list":{"0":"post-13394","1":"product","2":"type-product","3":"status-publish","4":"has-post-thumbnail","6":"product_cat-worth1608804537","7":"product_cat-worth","8":"product_tag-je-reviens","9":"product_tag-miniature-perfume-bottle","10":"product_tag-parfumminiatur","11":"product_tag-r-lalique","12":"product_tag-worth","14":"first","15":"instock","16":"taxable","17":"shipping-taxable","18":"purchasable","19":"product-type-simple"},"_links":{"self":[{"href":"https:\/\/parfumminis.com\/en\/wp-json\/wp\/v2\/product\/13394","targetHints":{"allow":["GET"]}}],"collection":[{"href":"https:\/\/parfumminis.com\/en\/wp-json\/wp\/v2\/product"}],"about":[{"href":"https:\/\/parfumminis.com\/en\/wp-json\/wp\/v2\/types\/product"}],"replies":[{"embeddable":true,"href":"https:\/\/parfumminis.com\/en\/wp-json\/wp\/v2\/comments?post=13394"}],"wp:featuredmedia":[{"embeddable":true,"href":"https:\/\/parfumminis.com\/en\/wp-json\/wp\/v2\/media\/13395"}],"wp:attachment":[{"href":"https:\/\/parfumminis.com\/en\/wp-json\/wp\/v2\/media?parent=13394"}],"wp:term":[{"taxonomy":"product_brand","embeddable":true,"href":"https:\/\/parfumminis.com\/en\/wp-json\/wp\/v2\/product_brand?post=13394"},{"taxonomy":"product_cat","embeddable":true,"href":"https:\/\/parfumminis.com\/en\/wp-json\/wp\/v2\/product_cat?post=13394"},{"taxonomy":"product_tag","embeddable":true,"href":"https:\/\/parfumminis.com\/en\/wp-json\/wp\/v2\/product_tag?post=13394"}],"curies":[{"name":"wp","href":"https:\/\/api.w.org\/{rel}","templated":true}]}}