{"id":12891,"date":"2023-01-13T18:00:42","date_gmt":"2023-01-13T17:00:42","guid":{"rendered":"https:\/\/parfumminis.com\/?post_type=product&#038;p=12891"},"modified":"2023-01-14T11:02:42","modified_gmt":"2023-01-14T10:02:42","slug":"odalisque-2ml-parfum","status":"publish","type":"product","link":"https:\/\/parfumminis.com\/en\/shop\/parfumminiaturen-alt-vintage\/rosenstein-nettie1608804777\/odalisque-2ml-parfum\/","title":{"rendered":"Odalisque 2ml Parfum"},"content":{"rendered":"<p><span style=\"font-family: Trebuchet MS,verdana,sans-serif\">ALT &#8211; ca. 2 ml Parfum, schwarzer Schraubverschlu\u00df, Klarglas, schwarzer Druck, 34 mm hoch; f\u00fcr F\u00fcllstand siehe Bild<br \/>\nVINTAGE &#8211; approx. 1\/15 fl.oz perfume, black screw-on lid, clear glass, black print, 34 mm tall; for contents remaining see picture<br \/>\n<\/span><\/p>","protected":false},"excerpt":{"rendered":"<p>ALT &#8211; ca. 2 ml Parfum, schwarzer Schraubverschlu\u00df, Klarglas, schwarzer Druck, 34 mm hoch; f\u00fcr F\u00fcllstand siehe Bild VINTAGE &#8211; approx. 1\/15 fl.oz perfume, black screw-on lid, clear glass, black print, 34 mm tall; for contents remaining see picture<\/p>","protected":false},"featured_media":12892,"comment_status":"open","ping_status":"closed","template":"","meta":[],"product_brand":[],"product_cat":[1090,1135],"product_tag":[1419,3366,3368,1424,1425],"class_list":{"0":"post-12891","1":"product","2":"type-product","3":"status-publish","4":"has-post-thumbnail","6":"product_cat-rosenstein-nettie1608804696","7":"product_cat-rosenstein-nettie1608804777","8":"product_tag-miniature-perfume-bottle","9":"product_tag-nettie-rosenstein","10":"product_tag-odalisque","11":"product_tag-parfumminiatur","12":"product_tag-parfummini","14":"first","15":"instock","16":"taxable","17":"shipping-taxable","18":"purchasable","19":"product-type-simple"},"_links":{"self":[{"href":"https:\/\/parfumminis.com\/en\/wp-json\/wp\/v2\/product\/12891","targetHints":{"allow":["GET"]}}],"collection":[{"href":"https:\/\/parfumminis.com\/en\/wp-json\/wp\/v2\/product"}],"about":[{"href":"https:\/\/parfumminis.com\/en\/wp-json\/wp\/v2\/types\/product"}],"replies":[{"embeddable":true,"href":"https:\/\/parfumminis.com\/en\/wp-json\/wp\/v2\/comments?post=12891"}],"wp:featuredmedia":[{"embeddable":true,"href":"https:\/\/parfumminis.com\/en\/wp-json\/wp\/v2\/media\/12892"}],"wp:attachment":[{"href":"https:\/\/parfumminis.com\/en\/wp-json\/wp\/v2\/media?parent=12891"}],"wp:term":[{"taxonomy":"product_brand","embeddable":true,"href":"https:\/\/parfumminis.com\/en\/wp-json\/wp\/v2\/product_brand?post=12891"},{"taxonomy":"product_cat","embeddable":true,"href":"https:\/\/parfumminis.com\/en\/wp-json\/wp\/v2\/product_cat?post=12891"},{"taxonomy":"product_tag","embeddable":true,"href":"https:\/\/parfumminis.com\/en\/wp-json\/wp\/v2\/product_tag?post=12891"}],"curies":[{"name":"wp","href":"https:\/\/api.w.org\/{rel}","templated":true}]}}