{"id":12886,"date":"2023-01-13T18:00:08","date_gmt":"2023-01-13T17:00:08","guid":{"rendered":"https:\/\/parfumminis.com\/?post_type=product&#038;p=12886"},"modified":"2023-01-13T13:01:10","modified_gmt":"2023-01-13T12:01:10","slug":"odalisque-15ml-parfum","status":"publish","type":"product","link":"https:\/\/parfumminis.com\/en\/shop\/parfumminiaturen-alt-vintage\/rosenstein-nettie1608804777\/odalisque-15ml-parfum\/","title":{"rendered":"Odalisque 1,5ml Parfum"},"content":{"rendered":"<p><span style=\"font-family: Trebuchet MS,verdana,sans-serif\">ALT &#8211; 1,5 ml Parfum, wei\u00dfer Schraubverschlu\u00df, Klarglas, cremefarbenes Papieretikett mit goldenem Druck 36 mm hoch; f\u00fcr F\u00fcllstand siehe Bild<br \/>\nVINTAGE &#8211; 0.05 fl.oz perfume, white screw-on lid, clear glass, creme-coloured paper label with golden print, 36 mm tall; for contents remaining see picture<br \/>\n<\/span><\/p>","protected":false},"excerpt":{"rendered":"<p>ALT &#8211; 1,5 ml Parfum, wei\u00dfer Schraubverschlu\u00df, Klarglas, cremefarbenes Papieretikett mit goldenem Druck 36 mm hoch; f\u00fcr F\u00fcllstand siehe Bild VINTAGE &#8211; 0.05 fl.oz perfume, white screw-on lid, clear glass, creme-coloured paper label with golden print, 36 mm tall; for contents remaining see picture<\/p>","protected":false},"featured_media":12887,"comment_status":"open","ping_status":"closed","template":"","meta":[],"product_brand":[],"product_cat":[1090,1135],"product_tag":[1419,3366,3368,1424,1425],"class_list":{"0":"post-12886","1":"product","2":"type-product","3":"status-publish","4":"has-post-thumbnail","6":"product_cat-rosenstein-nettie1608804696","7":"product_cat-rosenstein-nettie1608804777","8":"product_tag-miniature-perfume-bottle","9":"product_tag-nettie-rosenstein","10":"product_tag-odalisque","11":"product_tag-parfumminiatur","12":"product_tag-parfummini","14":"first","15":"instock","16":"taxable","17":"shipping-taxable","18":"purchasable","19":"product-type-simple"},"_links":{"self":[{"href":"https:\/\/parfumminis.com\/en\/wp-json\/wp\/v2\/product\/12886","targetHints":{"allow":["GET"]}}],"collection":[{"href":"https:\/\/parfumminis.com\/en\/wp-json\/wp\/v2\/product"}],"about":[{"href":"https:\/\/parfumminis.com\/en\/wp-json\/wp\/v2\/types\/product"}],"replies":[{"embeddable":true,"href":"https:\/\/parfumminis.com\/en\/wp-json\/wp\/v2\/comments?post=12886"}],"wp:featuredmedia":[{"embeddable":true,"href":"https:\/\/parfumminis.com\/en\/wp-json\/wp\/v2\/media\/12887"}],"wp:attachment":[{"href":"https:\/\/parfumminis.com\/en\/wp-json\/wp\/v2\/media?parent=12886"}],"wp:term":[{"taxonomy":"product_brand","embeddable":true,"href":"https:\/\/parfumminis.com\/en\/wp-json\/wp\/v2\/product_brand?post=12886"},{"taxonomy":"product_cat","embeddable":true,"href":"https:\/\/parfumminis.com\/en\/wp-json\/wp\/v2\/product_cat?post=12886"},{"taxonomy":"product_tag","embeddable":true,"href":"https:\/\/parfumminis.com\/en\/wp-json\/wp\/v2\/product_tag?post=12886"}],"curies":[{"name":"wp","href":"https:\/\/api.w.org\/{rel}","templated":true}]}}