{"id":12738,"date":"2023-01-04T18:00:12","date_gmt":"2023-01-04T17:00:12","guid":{"rendered":"https:\/\/parfumminis.com\/?post_type=product&#038;p=12738"},"modified":"2023-01-04T13:54:56","modified_gmt":"2023-01-04T12:54:56","slug":"miss-de-rauch-43ml-edt-v1","status":"publish","type":"product","link":"https:\/\/parfumminis.com\/en\/shop\/parfumminiaturen-alt-vintage\/rauch-madeleine-de\/miss-de-rauch-43ml-edt-v1\/","title":{"rendered":"Miss de Rauch 4,3ml EdT V1"},"content":{"rendered":"<p><span style=\"color: #615043\"><span style=\"font-family: Trebuchet MS,verdana,sans-serif\">\u00c4LTER &#8211; 4,3 ml EdT, silberner Schraubverschlu\u00df, rotes Papieretikett mit wei\u00dfem Druck, <strong>Etikett mit Rahmen<\/strong>, 48 mm hoch, mit Box<br \/>\nSEMI-VINTAGE &#8211; 1\/7 fl.oz EdT, silver screw-on lid, red paper label with white print, <strong>label with frame<\/strong>, 48 mm tall, w\/ box<br \/>\n<\/span><\/span><\/p>","protected":false},"excerpt":{"rendered":"<p>\u00c4LTER &#8211; 4,3 ml EdT, silberner Schraubverschlu\u00df, rotes Papieretikett mit wei\u00dfem Druck, Etikett mit Rahmen, 48 mm hoch, mit Box SEMI-VINTAGE &#8211; 1\/7 fl.oz EdT, silver screw-on lid, red paper label with white print, label with frame, 48 mm tall, w\/ box<\/p>","protected":false},"featured_media":12739,"comment_status":"open","ping_status":"closed","template":"","meta":[],"product_brand":[],"product_cat":[1391,3335],"product_tag":[3336,1419,3312,3338,1424,1425],"class_list":{"0":"post-12738","1":"product","2":"type-product","3":"status-publish","4":"has-post-thumbnail","6":"product_cat-rauch-madeleine-de1608805229","7":"product_cat-rauch-madeleine-de","8":"product_tag-madeleine-de-rauch","9":"product_tag-miniature-perfume-bottle","10":"product_tag-miniparfum","11":"product_tag-miss-de-rauch","12":"product_tag-parfumminiatur","13":"product_tag-parfummini","15":"first","16":"instock","17":"taxable","18":"shipping-taxable","19":"purchasable","20":"product-type-simple"},"_links":{"self":[{"href":"https:\/\/parfumminis.com\/en\/wp-json\/wp\/v2\/product\/12738","targetHints":{"allow":["GET"]}}],"collection":[{"href":"https:\/\/parfumminis.com\/en\/wp-json\/wp\/v2\/product"}],"about":[{"href":"https:\/\/parfumminis.com\/en\/wp-json\/wp\/v2\/types\/product"}],"replies":[{"embeddable":true,"href":"https:\/\/parfumminis.com\/en\/wp-json\/wp\/v2\/comments?post=12738"}],"wp:featuredmedia":[{"embeddable":true,"href":"https:\/\/parfumminis.com\/en\/wp-json\/wp\/v2\/media\/12739"}],"wp:attachment":[{"href":"https:\/\/parfumminis.com\/en\/wp-json\/wp\/v2\/media?parent=12738"}],"wp:term":[{"taxonomy":"product_brand","embeddable":true,"href":"https:\/\/parfumminis.com\/en\/wp-json\/wp\/v2\/product_brand?post=12738"},{"taxonomy":"product_cat","embeddable":true,"href":"https:\/\/parfumminis.com\/en\/wp-json\/wp\/v2\/product_cat?post=12738"},{"taxonomy":"product_tag","embeddable":true,"href":"https:\/\/parfumminis.com\/en\/wp-json\/wp\/v2\/product_tag?post=12738"}],"curies":[{"name":"wp","href":"https:\/\/api.w.org\/{rel}","templated":true}]}}