{"id":12388,"date":"2022-11-12T10:45:22","date_gmt":"2022-11-12T09:45:22","guid":{"rendered":"https:\/\/parfumminis.com\/?post_type=product&#038;p=12388"},"modified":"2022-11-12T10:49:51","modified_gmt":"2022-11-12T09:49:51","slug":"cyrano-75ml-parfum","status":"publish","type":"product","link":"https:\/\/parfumminis.com\/en\/shop\/parfumminiaturen\/minis-p-q\/patrizier-haus-koeln\/cyrano-75ml-parfum\/","title":{"rendered":"Cyrano 7,5ml Parfum"},"content":{"rendered":"<p><span style=\"font-family: Trebuchet MS,verdana,sans-serif\">\u00c4LTER &#8211; ca. 7,5 ml Parfum, wei\u00dfer Schraubverschlu\u00df, schwarzes Papieretikett mit silbernem Druck, 67 mm hoch<br \/>\nSEMI-VINTAGE &#8211; approx. 1\/4 fl.oz perfume, white screw-on lid, black paper label with silver print, 67 mm tall<\/span><span style=\"font-family: Trebuchet MS,verdana,sans-serif\"><br \/>\n<\/span><\/p>","protected":false},"excerpt":{"rendered":"<p>\u00c4LTER &#8211; ca. 7,5 ml Parfum, wei\u00dfer Schraubverschlu\u00df, schwarzes Papieretikett mit silbernem Druck, 67 mm hoch SEMI-VINTAGE &#8211; approx. 1\/4 fl.oz perfume, white screw-on lid, black paper label with silver print, 67 mm tall<\/p>","protected":false},"featured_media":12389,"comment_status":"open","ping_status":"closed","template":"","meta":[],"product_brand":[],"product_cat":[3222],"product_tag":[3228,1419,1424,3224],"class_list":{"0":"post-12388","1":"product","2":"type-product","3":"status-publish","4":"has-post-thumbnail","6":"product_cat-patrizier-haus-koeln","7":"product_tag-cyrano","8":"product_tag-miniature-perfume-bottle","9":"product_tag-parfumminiatur","10":"product_tag-patrizier-haus-koeln","12":"first","13":"instock","14":"taxable","15":"shipping-taxable","16":"purchasable","17":"product-type-simple"},"_links":{"self":[{"href":"https:\/\/parfumminis.com\/en\/wp-json\/wp\/v2\/product\/12388","targetHints":{"allow":["GET"]}}],"collection":[{"href":"https:\/\/parfumminis.com\/en\/wp-json\/wp\/v2\/product"}],"about":[{"href":"https:\/\/parfumminis.com\/en\/wp-json\/wp\/v2\/types\/product"}],"replies":[{"embeddable":true,"href":"https:\/\/parfumminis.com\/en\/wp-json\/wp\/v2\/comments?post=12388"}],"wp:featuredmedia":[{"embeddable":true,"href":"https:\/\/parfumminis.com\/en\/wp-json\/wp\/v2\/media\/12389"}],"wp:attachment":[{"href":"https:\/\/parfumminis.com\/en\/wp-json\/wp\/v2\/media?parent=12388"}],"wp:term":[{"taxonomy":"product_brand","embeddable":true,"href":"https:\/\/parfumminis.com\/en\/wp-json\/wp\/v2\/product_brand?post=12388"},{"taxonomy":"product_cat","embeddable":true,"href":"https:\/\/parfumminis.com\/en\/wp-json\/wp\/v2\/product_cat?post=12388"},{"taxonomy":"product_tag","embeddable":true,"href":"https:\/\/parfumminis.com\/en\/wp-json\/wp\/v2\/product_tag?post=12388"}],"curies":[{"name":"wp","href":"https:\/\/api.w.org\/{rel}","templated":true}]}}