{"id":12107,"date":"2022-09-25T11:33:23","date_gmt":"2022-09-25T10:33:23","guid":{"rendered":"https:\/\/parfumminis.com\/?post_type=product&#038;p=12107"},"modified":"2022-09-25T11:47:59","modified_gmt":"2022-09-25T10:47:59","slug":"jealousy-15ml-cologne","status":"publish","type":"product","link":"https:\/\/parfumminis.com\/en\/shop\/parfumminiaturen\/minis-b\/blanchard1608805214\/jealousy-15ml-cologne\/","title":{"rendered":"Jealousy 15ml Cologne"},"content":{"rendered":"<p><span style=\"color: #615043\"><span style=\"font-family: Trebuchet MS,verdana,sans-serif\">\u00c4LTER &#8211; 15 ml Cologne, t\u00fcrkisfarbener Schraubverschlu\u00df, t\u00fcrkisfarbener Aufdruck, 74 mm hoch<br \/>\nSEMI-VINTAGE &#8211; 1\/2 fl.oz cologne, turquoise screw-on lid, turquoise imprint, 74 mm tall<\/span><\/span><\/p>","protected":false},"excerpt":{"rendered":"<p>\u00c4LTER &#8211; 15 ml Cologne, t\u00fcrkisfarbener Schraubverschlu\u00df, t\u00fcrkisfarbener Aufdruck, 74 mm hoch SEMI-VINTAGE &#8211; 1\/2 fl.oz cologne, turquoise screw-on lid, turquoise imprint, 74 mm tall<\/p>","protected":false},"featured_media":12109,"comment_status":"open","ping_status":"closed","template":"","meta":[],"product_brand":[],"product_cat":[1383],"product_tag":[1823,3146,1419,1424],"class_list":{"0":"post-12107","1":"product","2":"type-product","3":"status-publish","4":"has-post-thumbnail","6":"product_cat-blanchard1608805214","7":"product_tag-blanchard","8":"product_tag-jealousy","9":"product_tag-miniature-perfume-bottle","10":"product_tag-parfumminiatur","12":"first","13":"instock","14":"taxable","15":"shipping-taxable","16":"purchasable","17":"product-type-simple"},"_links":{"self":[{"href":"https:\/\/parfumminis.com\/en\/wp-json\/wp\/v2\/product\/12107","targetHints":{"allow":["GET"]}}],"collection":[{"href":"https:\/\/parfumminis.com\/en\/wp-json\/wp\/v2\/product"}],"about":[{"href":"https:\/\/parfumminis.com\/en\/wp-json\/wp\/v2\/types\/product"}],"replies":[{"embeddable":true,"href":"https:\/\/parfumminis.com\/en\/wp-json\/wp\/v2\/comments?post=12107"}],"wp:featuredmedia":[{"embeddable":true,"href":"https:\/\/parfumminis.com\/en\/wp-json\/wp\/v2\/media\/12109"}],"wp:attachment":[{"href":"https:\/\/parfumminis.com\/en\/wp-json\/wp\/v2\/media?parent=12107"}],"wp:term":[{"taxonomy":"product_brand","embeddable":true,"href":"https:\/\/parfumminis.com\/en\/wp-json\/wp\/v2\/product_brand?post=12107"},{"taxonomy":"product_cat","embeddable":true,"href":"https:\/\/parfumminis.com\/en\/wp-json\/wp\/v2\/product_cat?post=12107"},{"taxonomy":"product_tag","embeddable":true,"href":"https:\/\/parfumminis.com\/en\/wp-json\/wp\/v2\/product_tag?post=12107"}],"curies":[{"name":"wp","href":"https:\/\/api.w.org\/{rel}","templated":true}]}}