{"id":12095,"date":"2022-09-24T16:06:53","date_gmt":"2022-09-24T15:06:53","guid":{"rendered":"https:\/\/parfumminis.com\/?post_type=product&#038;p=12095"},"modified":"2024-05-15T10:16:55","modified_gmt":"2024-05-15T08:16:55","slug":"berdoues-9er-set-3ml-35ml-parfum","status":"publish","type":"product","link":"https:\/\/parfumminis.com\/en\/shop\/parfumminiaturen\/minis-b\/berdoues1608805216\/berdoues-9er-set-3ml-35ml-parfum\/","title":{"rendered":"Berdoues &#8211; 9er Set 3ml + 3,5ml Parfum"},"content":{"rendered":"<p><span style=\"font-family: Trebuchet MS,verdana,sans-serif\">\u00c4LTER &#8211; 7x 3 ml und 2x 3,5ml Parfum, goldene Verschl\u00fcsse, teils Schraubverschl\u00fcsse, zwischen 32 und 35 mm hoch, in goldener Klappschatulle<br \/>\nSEMI-VINTAGE &#8211; 7x 1\/10 fl.oz and 2x 0.12 fl.oz perfume, gold lids, partly screw-on lids, between 32 and 35 mm tall, in a golden clamshell case<\/span><\/p>\n<p><span style=\"font-family: Trebuchet MS,verdana,sans-serif\">D\u00fcfte | Scents:<br \/>\n\u2022 Ambre<br \/>\n\u2022 Bal du Printemps<br \/>\n\u2022 Cordoba<br \/>\n\u2022 Sentimental<br \/>\n\u2022 Smyr<br \/>\n\u2022 Tabac<br \/>\n\u2022 Tchin<br \/>\n\u2022 Tendresse<br \/>\n\u2022 Tonka<br \/>\n<\/span><\/p>","protected":false},"excerpt":{"rendered":"<p>\u00c4LTER &#8211; 7x 3 ml und 2x 3,5ml Parfum, goldene Verschl\u00fcsse, teils Schraubverschl\u00fcsse, zwischen 32 und 35 mm hoch, in goldener Klappschatulle SEMI-VINTAGE &#8211; 7x 1\/10 fl.oz and 2x 0.12 fl.oz perfume, gold lids, partly screw-on lids, between 32 and 35 mm tall, in a golden clamshell case D\u00fcfte | Scents: \u2022 Ambre \u2022 Bal [&hellip;]<\/p>","protected":false},"featured_media":12096,"comment_status":"open","ping_status":"closed","template":"","meta":[],"product_brand":[],"product_cat":[1384,696],"product_tag":[3143,3133,1798,3136,1419,1424,3138,3139,2393,3137,3142,3134],"class_list":{"0":"post-12095","1":"product","2":"type-product","3":"status-publish","4":"has-post-thumbnail","6":"product_cat-berdoues1608805216","7":"product_cat-sets","8":"product_tag-ambre","9":"product_tag-bal-du-printemps","10":"product_tag-berdoues","11":"product_tag-cordoba","12":"product_tag-miniature-perfume-bottle","13":"product_tag-parfumminiatur","14":"product_tag-sentimental","15":"product_tag-smyr","16":"product_tag-tabac","17":"product_tag-tchin","18":"product_tag-tonka","19":"product_tag-trendresse","21":"first","22":"instock","23":"taxable","24":"shipping-taxable","25":"purchasable","26":"product-type-simple"},"_links":{"self":[{"href":"https:\/\/parfumminis.com\/en\/wp-json\/wp\/v2\/product\/12095","targetHints":{"allow":["GET"]}}],"collection":[{"href":"https:\/\/parfumminis.com\/en\/wp-json\/wp\/v2\/product"}],"about":[{"href":"https:\/\/parfumminis.com\/en\/wp-json\/wp\/v2\/types\/product"}],"replies":[{"embeddable":true,"href":"https:\/\/parfumminis.com\/en\/wp-json\/wp\/v2\/comments?post=12095"}],"wp:featuredmedia":[{"embeddable":true,"href":"https:\/\/parfumminis.com\/en\/wp-json\/wp\/v2\/media\/12096"}],"wp:attachment":[{"href":"https:\/\/parfumminis.com\/en\/wp-json\/wp\/v2\/media?parent=12095"}],"wp:term":[{"taxonomy":"product_brand","embeddable":true,"href":"https:\/\/parfumminis.com\/en\/wp-json\/wp\/v2\/product_brand?post=12095"},{"taxonomy":"product_cat","embeddable":true,"href":"https:\/\/parfumminis.com\/en\/wp-json\/wp\/v2\/product_cat?post=12095"},{"taxonomy":"product_tag","embeddable":true,"href":"https:\/\/parfumminis.com\/en\/wp-json\/wp\/v2\/product_tag?post=12095"}],"curies":[{"name":"wp","href":"https:\/\/api.w.org\/{rel}","templated":true}]}}