{"id":11672,"date":"2022-03-16T13:13:49","date_gmt":"2022-03-16T12:13:49","guid":{"rendered":"https:\/\/parfumminis.com\/?post_type=product&#038;p=11672"},"modified":"2022-03-16T13:26:21","modified_gmt":"2022-03-16T12:26:21","slug":"stradivari-375ml-parfum","status":"publish","type":"product","link":"https:\/\/parfumminis.com\/en\/shop\/parfumminiaturen-alt-vintage\/matchabelli-prince1608804760\/stradivari-375ml-parfum\/","title":{"rendered":"Stradivari 3,75ml Parfum"},"content":{"rendered":"<p><span style=\"font-family: Trebuchet MS,verdana,sans-serif\">ALT &#8211; 3,75 ml Parfum, goldener Schraubverschlu\u00df, goldene H\u00fclle mit Pr\u00e4gung vorne, goldenes Etikett am Boden, 66 mm hoch, mit Box, USA; Box mit leichten Wasserflecken und Farbabrieb<br \/>\nVINTAGE &#8211; 1\/8 fl.oz perfume, gold screw-on lid, gold case with embossing on the front, gold label on bottom, 66 mm tall, w\/ box, USA; box with slight water stains and color abrasion<\/span><span style=\"font-family: Trebuchet MS,verdana,sans-serif\"><br \/>\n<\/span><\/p>","protected":false},"excerpt":{"rendered":"<p>ALT &#8211; 3,75 ml Parfum, goldener Schraubverschlu\u00df, goldene H\u00fclle mit Pr\u00e4gung vorne, goldenes Etikett am Boden, 66 mm hoch, mit Box, USA; Box mit leichten Wasserflecken und Farbabrieb VINTAGE &#8211; 1\/8 fl.oz perfume, gold screw-on lid, gold case with embossing on the front, gold label on bottom, 66 mm tall, w\/ box, USA; box with [&hellip;]<\/p>","protected":false},"featured_media":11673,"comment_status":"open","ping_status":"closed","template":"","meta":[],"product_brand":[],"product_cat":[883,1126],"product_tag":[1419,1424,2361,3026],"class_list":{"0":"post-11672","1":"product","2":"type-product","3":"status-publish","4":"has-post-thumbnail","6":"product_cat-matchabelli-prince1608804302","7":"product_cat-matchabelli-prince1608804760","8":"product_tag-miniature-perfume-bottle","9":"product_tag-parfumminiatur","10":"product_tag-prince-matchabelli","11":"product_tag-stradivari","13":"first","14":"instock","15":"taxable","16":"shipping-taxable","17":"purchasable","18":"product-type-simple"},"_links":{"self":[{"href":"https:\/\/parfumminis.com\/en\/wp-json\/wp\/v2\/product\/11672","targetHints":{"allow":["GET"]}}],"collection":[{"href":"https:\/\/parfumminis.com\/en\/wp-json\/wp\/v2\/product"}],"about":[{"href":"https:\/\/parfumminis.com\/en\/wp-json\/wp\/v2\/types\/product"}],"replies":[{"embeddable":true,"href":"https:\/\/parfumminis.com\/en\/wp-json\/wp\/v2\/comments?post=11672"}],"wp:featuredmedia":[{"embeddable":true,"href":"https:\/\/parfumminis.com\/en\/wp-json\/wp\/v2\/media\/11673"}],"wp:attachment":[{"href":"https:\/\/parfumminis.com\/en\/wp-json\/wp\/v2\/media?parent=11672"}],"wp:term":[{"taxonomy":"product_brand","embeddable":true,"href":"https:\/\/parfumminis.com\/en\/wp-json\/wp\/v2\/product_brand?post=11672"},{"taxonomy":"product_cat","embeddable":true,"href":"https:\/\/parfumminis.com\/en\/wp-json\/wp\/v2\/product_cat?post=11672"},{"taxonomy":"product_tag","embeddable":true,"href":"https:\/\/parfumminis.com\/en\/wp-json\/wp\/v2\/product_tag?post=11672"}],"curies":[{"name":"wp","href":"https:\/\/api.w.org\/{rel}","templated":true}]}}