{"id":11506,"date":"2022-03-05T12:59:21","date_gmt":"2022-03-05T11:59:21","guid":{"rendered":"https:\/\/parfumminis.com\/?post_type=product&#038;p=11506"},"modified":"2022-03-05T13:03:04","modified_gmt":"2022-03-05T12:03:04","slug":"tailspin-4ml-parfum","status":"publish","type":"product","link":"https:\/\/parfumminis.com\/en\/shop\/parfumminiaturen-alt-vintage\/lelong-lucien1608804756\/tailspin-4ml-parfum\/","title":{"rendered":"Tailspin 4ml Parfum"},"content":{"rendered":"<p><span style=\"color: #615043\"><span style=\"font-family: Trebuchet MS,verdana,sans-serif\">4 ml Parfum, goldener Schraubverschlu\u00df, &#8222;LL&#8220; gepr\u00e4gt auf der Flakon-R\u00fcckseite, schwarzes Papieretikett mit goldenem Druck, 47 mm hoch<br \/>\n.13 fl.oz perfume, gold screw-on lid, &#8222;LL&#8220; embossed on backside of glass bottle, black paper label with gold print, 47 mm tall<\/span><\/span><span style=\"color: #615043\"><span style=\"font-family: Trebuchet MS,verdana,sans-serif\"><br \/>\n<\/span><\/span><\/p>","protected":false},"excerpt":{"rendered":"<p>4 ml Parfum, goldener Schraubverschlu\u00df, &#8222;LL&#8220; gepr\u00e4gt auf der Flakon-R\u00fcckseite, schwarzes Papieretikett mit goldenem Druck, 47 mm hoch .13 fl.oz perfume, gold screw-on lid, &#8222;LL&#8220; embossed on backside of glass bottle, black paper label with gold print, 47 mm tall<\/p>","protected":false},"featured_media":11507,"comment_status":"open","ping_status":"closed","template":"","meta":[],"product_brand":[],"product_cat":[866,1123],"product_tag":[1501,1419,1424,2994],"class_list":{"0":"post-11506","1":"product","2":"type-product","3":"status-publish","4":"has-post-thumbnail","6":"product_cat-lelong-lucien1608804264","7":"product_cat-lelong-lucien1608804756","8":"product_tag-lucien-lelong","9":"product_tag-miniature-perfume-bottle","10":"product_tag-parfumminiatur","11":"product_tag-tailspin","13":"first","14":"instock","15":"taxable","16":"shipping-taxable","17":"purchasable","18":"product-type-simple"},"_links":{"self":[{"href":"https:\/\/parfumminis.com\/en\/wp-json\/wp\/v2\/product\/11506","targetHints":{"allow":["GET"]}}],"collection":[{"href":"https:\/\/parfumminis.com\/en\/wp-json\/wp\/v2\/product"}],"about":[{"href":"https:\/\/parfumminis.com\/en\/wp-json\/wp\/v2\/types\/product"}],"replies":[{"embeddable":true,"href":"https:\/\/parfumminis.com\/en\/wp-json\/wp\/v2\/comments?post=11506"}],"wp:featuredmedia":[{"embeddable":true,"href":"https:\/\/parfumminis.com\/en\/wp-json\/wp\/v2\/media\/11507"}],"wp:attachment":[{"href":"https:\/\/parfumminis.com\/en\/wp-json\/wp\/v2\/media?parent=11506"}],"wp:term":[{"taxonomy":"product_brand","embeddable":true,"href":"https:\/\/parfumminis.com\/en\/wp-json\/wp\/v2\/product_brand?post=11506"},{"taxonomy":"product_cat","embeddable":true,"href":"https:\/\/parfumminis.com\/en\/wp-json\/wp\/v2\/product_cat?post=11506"},{"taxonomy":"product_tag","embeddable":true,"href":"https:\/\/parfumminis.com\/en\/wp-json\/wp\/v2\/product_tag?post=11506"}],"curies":[{"name":"wp","href":"https:\/\/api.w.org\/{rel}","templated":true}]}}