{"id":11112,"date":"2022-01-04T15:00:17","date_gmt":"2022-01-04T14:00:17","guid":{"rendered":"https:\/\/parfumminis.com\/?post_type=product&#038;p=11112"},"modified":"2022-01-04T15:09:36","modified_gmt":"2022-01-04T14:09:36","slug":"arpege-15ml-extrait-v2","status":"publish","type":"product","link":"https:\/\/parfumminis.com\/en\/shop\/parfumminiaturen\/minis-l\/lanvin1608804254\/arpege-15ml-extrait-v2\/","title":{"rendered":"Arp\u00e8ge 15ml Extrait V2"},"content":{"rendered":"<p><span style=\"color: #615043\"><span style=\"font-family: Trebuchet MS,verdana,sans-serif\">15 ml Extrait, schwarzer Schraubverschlu\u00df &amp; Goldkragen, oben gepr\u00e4gtes Logo, goldenes Etikett mit gepr\u00e4gter Schrift, 56 mm hoch; Etikett an linker oberer Ecke leicht besch\u00e4digt<br \/>\n1\/2 fl.oz extract, black screw-on lid &amp; gold collar, embossed logo on top, gold label with embossed lettering, 56 mm tall; upper left edge of label slightly worn<br \/>\n<\/span><\/span><\/p>","protected":false},"excerpt":{"rendered":"<p>15 ml Extrait, schwarzer Schraubverschlu\u00df &amp; Goldkragen, oben gepr\u00e4gtes Logo, goldenes Etikett mit gepr\u00e4gter Schrift, 56 mm hoch; Etikett an linker oberer Ecke leicht besch\u00e4digt 1\/2 fl.oz extract, black screw-on lid &amp; gold collar, embossed logo on top, gold label with embossed lettering, 56 mm tall; upper left edge of label slightly worn<\/p>","protected":false},"featured_media":11114,"comment_status":"open","ping_status":"closed","template":"","meta":[],"product_brand":[],"product_cat":[861],"product_tag":[2270,2268,1419,1424],"class_list":{"0":"post-11112","1":"product","2":"type-product","3":"status-publish","4":"has-post-thumbnail","6":"product_cat-lanvin1608804254","7":"product_tag-arpege","8":"product_tag-lanvin","9":"product_tag-miniature-perfume-bottle","10":"product_tag-parfumminiatur","12":"first","13":"instock","14":"taxable","15":"shipping-taxable","16":"purchasable","17":"product-type-simple"},"_links":{"self":[{"href":"https:\/\/parfumminis.com\/en\/wp-json\/wp\/v2\/product\/11112","targetHints":{"allow":["GET"]}}],"collection":[{"href":"https:\/\/parfumminis.com\/en\/wp-json\/wp\/v2\/product"}],"about":[{"href":"https:\/\/parfumminis.com\/en\/wp-json\/wp\/v2\/types\/product"}],"replies":[{"embeddable":true,"href":"https:\/\/parfumminis.com\/en\/wp-json\/wp\/v2\/comments?post=11112"}],"wp:featuredmedia":[{"embeddable":true,"href":"https:\/\/parfumminis.com\/en\/wp-json\/wp\/v2\/media\/11114"}],"wp:attachment":[{"href":"https:\/\/parfumminis.com\/en\/wp-json\/wp\/v2\/media?parent=11112"}],"wp:term":[{"taxonomy":"product_brand","embeddable":true,"href":"https:\/\/parfumminis.com\/en\/wp-json\/wp\/v2\/product_brand?post=11112"},{"taxonomy":"product_cat","embeddable":true,"href":"https:\/\/parfumminis.com\/en\/wp-json\/wp\/v2\/product_cat?post=11112"},{"taxonomy":"product_tag","embeddable":true,"href":"https:\/\/parfumminis.com\/en\/wp-json\/wp\/v2\/product_tag?post=11112"}],"curies":[{"name":"wp","href":"https:\/\/api.w.org\/{rel}","templated":true}]}}