{"id":11101,"date":"2022-01-03T11:47:33","date_gmt":"2022-01-03T10:47:33","guid":{"rendered":"https:\/\/parfumminis.com\/?post_type=product&#038;p=11101"},"modified":"2022-01-03T11:50:17","modified_gmt":"2022-01-03T10:50:17","slug":"arpege-flacon-tige-75ml-extrait","status":"publish","type":"product","link":"https:\/\/parfumminis.com\/en\/shop\/parfumminiaturen-alt-vintage\/lanvin1608804753\/arpege-flacon-tige-75ml-extrait\/","title":{"rendered":"Arp\u00e8ge &#8222;Flacon-Tige&#8220; 7,5ml Extrait"},"content":{"rendered":"<p><span style=\"color: #615043\"><span style=\"font-family: Trebuchet MS,verdana,sans-serif\">ALT &#8211; 7,5 ml Extrait, schwarzer Glasverschlu\u00df mit schwarzem Glas-Testerstab, goldener Metallkragen, schwarzes Etikett mit goldenem Druck, auf der R\u00fcckseite vertikal gepr\u00e4gt &#8222;PUBLICITE&#8220;, 78 mm hoch, mit Box<br \/>\nVINTAGE &#8211; 1\/4 fl.oz extract, black glass lid with black glass dauber, gold metal collar, black label with gold print, &#8222;PUBLICITE&#8220; embossed vertically on backside, 78 mm tall, w\/ box<br \/>\n<\/span><\/span><\/p>","protected":false},"excerpt":{"rendered":"<p>ALT &#8211; 7,5 ml Extrait, schwarzer Glasverschlu\u00df mit schwarzem Glas-Testerstab, goldener Metallkragen, schwarzes Etikett mit goldenem Druck, auf der R\u00fcckseite vertikal gepr\u00e4gt &#8222;PUBLICITE&#8220;, 78 mm hoch, mit Box VINTAGE &#8211; 1\/4 fl.oz extract, black glass lid with black glass dauber, gold metal collar, black label with gold print, &#8222;PUBLICITE&#8220; embossed vertically on backside, 78 mm [&hellip;]<\/p>","protected":false},"featured_media":11102,"comment_status":"open","ping_status":"closed","template":"","meta":[],"product_brand":[],"product_cat":[1121,861],"product_tag":[2268,1419,1424,2272],"class_list":{"0":"post-11101","1":"product","2":"type-product","3":"status-publish","4":"has-post-thumbnail","6":"product_cat-lanvin1608804753","7":"product_cat-lanvin1608804254","8":"product_tag-lanvin","9":"product_tag-miniature-perfume-bottle","10":"product_tag-parfumminiatur","11":"product_tag-rumeur","13":"first","14":"instock","15":"taxable","16":"shipping-taxable","17":"purchasable","18":"product-type-simple"},"_links":{"self":[{"href":"https:\/\/parfumminis.com\/en\/wp-json\/wp\/v2\/product\/11101","targetHints":{"allow":["GET"]}}],"collection":[{"href":"https:\/\/parfumminis.com\/en\/wp-json\/wp\/v2\/product"}],"about":[{"href":"https:\/\/parfumminis.com\/en\/wp-json\/wp\/v2\/types\/product"}],"replies":[{"embeddable":true,"href":"https:\/\/parfumminis.com\/en\/wp-json\/wp\/v2\/comments?post=11101"}],"wp:featuredmedia":[{"embeddable":true,"href":"https:\/\/parfumminis.com\/en\/wp-json\/wp\/v2\/media\/11102"}],"wp:attachment":[{"href":"https:\/\/parfumminis.com\/en\/wp-json\/wp\/v2\/media?parent=11101"}],"wp:term":[{"taxonomy":"product_brand","embeddable":true,"href":"https:\/\/parfumminis.com\/en\/wp-json\/wp\/v2\/product_brand?post=11101"},{"taxonomy":"product_cat","embeddable":true,"href":"https:\/\/parfumminis.com\/en\/wp-json\/wp\/v2\/product_cat?post=11101"},{"taxonomy":"product_tag","embeddable":true,"href":"https:\/\/parfumminis.com\/en\/wp-json\/wp\/v2\/product_tag?post=11101"}],"curies":[{"name":"wp","href":"https:\/\/api.w.org\/{rel}","templated":true}]}}