{"id":7720,"date":"2020-12-29T11:12:35","date_gmt":"2020-12-29T10:12:35","guid":{"rendered":"https:\/\/parfume.findforme.ba\/?page_id=7720"},"modified":"2020-12-30T10:35:42","modified_gmt":"2020-12-30T09:35:42","slug":"infothek","status":"publish","type":"page","link":"https:\/\/parfumminis.com\/en\/infothek\/","title":{"rendered":"Infothek"},"content":{"rendered":"<div class=\"vc_row wpb_row vc_row-fluid\"><div class=\"wpb_column vc_column_container vc_col-sm-12\"><div class=\"vc_column-inner\"><div class=\"wpb_wrapper\">\n\t<div class=\"wpb_text_column wpb_content_element\" >\n\t\t<div class=\"wpb_wrapper\">\n\t\t\t<h2>Wie baut man eine Parfumsammlung auf<\/h2>\n<div class=\"text\" align=\"justify\">\n<p>Was sollte man sammeln? Wie sollte man sortieren? Welche Proben sollte man kaufen?<br \/>\nAuf diese Fragen, die oft von Anf\u00e4ngern gestellt werden, gibt es nur eine Antwort: lassen Sie sich von Ihrem eigenen Geschmack leiten. Jeder gestaltet sein Hobby nach seinen W\u00fcnschen, seinen M\u00f6glichkeiten und seinen Begrenzungen.<br \/>\nEs gibt allerdings ein paar Ans\u00e4tze, die man angeben, und einige Fallen, vor denen man warnen kann.<br \/>\nDer Neuling geht oft in alle Richtungen. Aus dem Grundstock von Flacons, die er gratis in Parf\u00fcmerien oder von Freunden erhalten hat, m\u00f6chte er eine Sammlung anlegen, sie erg\u00e4nzen, zu einem einheitlichen Ganzen machen, um sie dann mit Freude vorzuzeigen, selbst anzugucken, zu gestalten. Dieser erste Schritt hat den Vorteil, dass der zuk\u00fcnftige Sammler mit der unendlichen Vielfalt der Miniaturen, der D\u00fcfte, der Preise, der Seltenheiten bekannt wird. Diese erste Etappe ist unumg\u00e4nglich, um die Sammlung in Anzahl und Vielf\u00e4ltigkeit zu erweitern.<br \/>\nDann stellt man aber schnell fest, dass es heutzutage so gut wie unm\u00f6glich ist, eine komplette Sammlung von Miniaturen zu haben (die Sch\u00e4tzung ist aufgrund des Mangels an zuverl\u00e4ssigen Quellen schwierig \u2013 gesch\u00e4tzt werden etwa 20.000 bis 30.000 verschiedene Miniaturen weltweit und es kommen j\u00e4hrlich neue dazu).<br \/>\nDer Sammler wird sich also auf ein mehr oder weniger breites Thema spezialisieren:<\/p>\n<p>&#8211; die ber\u00fchmten franz\u00f6sischen Marken<br \/>\n&#8211; Flacons mit einer speziellen Farbe (zum Beispiel &#8222;Bourjois blau&#8220;)<br \/>\n&#8211; eine einzelne Marke<br \/>\n&#8211; antike Flacons<br \/>\n&#8211; seltene Flacons<br \/>\n&#8211; Flacons von Stars<br \/>\n&#8211; Flacons von Modesch\u00f6pfern<br \/>\n&#8211; die italienischen Flacons<br \/>\n&#8211; Flacons mit einer ausgefallenen Form<br \/>\n&#8211; Flacons mit einem besonderen Motiv ( Tiere, Frauen&#8230; )<\/p>\n<p>Diese kleine Aufz\u00e4hlungt ist nat\u00fcrlich nicht begrenzt. Oft wird der Sammler neben seiner Spezialit\u00e4t auch Flacons erwerben oder behalten, die nicht zu diesem Thema geh\u00f6ren, ganz einfach weil sie ihm gefallen.<br \/>\nUnd sp\u00e4ter, wenn das Gebiet ausgesch\u00f6pft oder zumindest ausreichend vervollst\u00e4ndigt ist, wird der Sammler wieder zu einer globaleren Sicht kommen oder auch ein anderes Thema w\u00e4hlen.<\/p>\n<p>&nbsp;<\/p>\n<\/div>\n<h4><strong>Wo und wie bekommt man Flacons?<\/strong><\/h4>\n<div class=\"text\" align=\"justify\">Als goldene Regel f\u00fcr Parfumsammler gilt: sprechen sie \u00fcber Ihr Hobby \u2013 mit der Familie, Freunden, Kollegen. Sie werden oft erstaunt sein, wie viele Leute einige von diesen reizenden Flacons besitzen. Manche sammeln selber und schlagen Ihnen vielleicht einen Tausch vor. Andere, die bisher die Flaschen nach Benutzung weggeworfen haben, werden sich eine Freude machen, sie Ihnen zu schenken (erinnern Sie Ihre Freunde ab und zu diskret an Ihr Hobby). Wer die M\u00f6glichkeit hat, seine Sammlung in einer kleinen Vitrine zu zeigen, kann seines Erfolges sicher sein. Neben der Augenweide ist es ein guter Anlass, das Gespr\u00e4ch auf dieses Thema zu lenken.<br \/>\nSo k\u00f6nnen Sie sich leicht einen Grundstock an Flacons schaffen und so gut wie kostenlos eine Sammlung beginnen.<br \/>\nDann aber, um seltenere, viel gesuchte, \u00e4ltere Flacons zu bekommen, m\u00fcssen Sie diese entweder kaufen oder per Tausch erwerben. Dazu gibt es mehrere M\u00f6glichkeiten:<\/div>\n<div align=\"justify\"><\/div>\n<h4><\/h4>\n<h4><strong>Kaufen<\/strong><\/h4>\n<div class=\"text\" align=\"justify\">Manchmal bekommen Sie in Parf\u00fcmerien Miniaturen geschenkt, wenn Sie etwas kaufen. Auch wenn eine Miniatur Sie interessiert, kaufen Sie nicht systematisch das Parfum, um sie zu bekommen; sonst investieren Sie unn\u00fctz in ein Parfum, dass Sie nicht benutzen, und laufen die Gefahr, dass Ihnen Ihre Sammlung sehr teuer zu stehen kommt, w\u00e4hrend sich in Ihrem Badezimmer Parf\u00fcms und Kosmetika anh\u00e4ufen, die Sie doch nie gebrauchen. Aber andersrum, gehen Sie nicht nach einem Kauf aus der Parf\u00fcmerie, ohne eine Miniatur mitbekommen zu haben. Auch wenn es nicht die selbe Marke ist, wird man Ihnen in der Parf\u00fcmerie gerne eine oder mehrere Miniaturen geben, wenn Sie mit etwas Nachdruck nett danach fragen. Verschwenden Sie nicht Ihre Zeit, die Parf\u00fcmerien Ihrer Gegend &#8222;abzuklappern&#8220;, um nach Proben zu fragen. Heutzutage ist es \u00e4usserst selten, ohne gleichzeitigen Kauf solche zu bekommen. Viele Parf\u00fcmerien verkaufen jetzt auch Miniaturen. Manchmal k\u00f6nnen Sie so ein Schn\u00e4ppchen machen, aber das ist nicht systematisch. Vergleichen Sie vor dem Kauf die Preise mit dem Gelegenheitsmarkt (Tr\u00f6dler, Spezialgesch\u00e4fte).<br \/>\nSie k\u00f6nnen Ihre Flacons aber auch bei Fachleuten f\u00fcr Sammler erwerben: Antiquit\u00e4ten- oder Tr\u00f6dell\u00e4den, Auktionsh\u00e4user, Spezialgesch\u00e4fte oder im Versand. Hier herrschen manchmal rauhe Sitten und es gibt mit Sicherheit nur eins: VERGLEICHEN. Von einem H\u00e4ndler zum anderen, von einer Messe zur anderen, von einem Monat zum anderen k\u00f6nnen sich die Preise ver\u00e4ndern. Vermeiden Sie, Neuheiten so schnell wie m\u00f6glich kaufen zu wollen. Meist sind diese in den ersten Wochen, nachdem sie auf dem Markt sind, am teuersten. In 95% der F\u00e4lle wird dann der Preis schnell fallen, um sp\u00e4ter je nach Alter und Rarit\u00e4t wieder anzusteigen.<br \/>\nSie k\u00f6nnen Ihre Flacons auch von anderen Sammlern kaufen, die Sie per Zufall in einem Gesch\u00e4ft oder \u00fcber Kleinanzeigen kennenlernen. Pr\u00fcfen Sie den Zustand der Produkte, die man Ihnen anbietet, und, bei gr\u00f6sseren K\u00e4ufen, verlangen Sie eine schriftliche Bescheinigung \u00fcber die Transaktion und zahlen Sie per Scheck. Es gibt n\u00e4mlich leider gestohlene Sammlungen, die so verkauft werden, und Sie laufen die Gefahr einer Anklage wegen Hehlerei. Sollten Sie den gerinsten Zweifel \u00fcber die Herkunft der Flakons haben, verzichten Sie lieber auf den Gesch\u00e4ftsabschluss. Und kaufen Sie nie von Minderj\u00e4hrigen ohne schriftliche Genehmigung der Eltern.<br \/>\nVergleichen Sie die Preise, vermeiden Sie zu spekulieren, fahren Sie umher, informieren Sie sich, kaufen Sie nie verd\u00e4chtige Angebote; so gestalten Sie Ihre Sammlung unter den besten Bedingungen.<\/div>\n<div align=\"justify\"><\/div>\n<h4><\/h4>\n<h4><strong>Tauschen<\/strong><\/h4>\n<div class=\"text\" align=\"justify\">Der Tausch geh\u00f6rt zu den grossen Freuden jedes Sammlers. Es geht hierbei nicht nur um das konkrete Ergebnis, d.h. den Erwerb eines neuen St\u00fcckes f\u00fcr Ihre Sammlung. Es geht auch um die Gelegenheit zu lehrreichen Kontakten in Bezug auf Ihre eigenen Kenntnisse, sowie die M\u00f6glichkeit, Ihr Wissen mit anderen zu teilen und, was oft die gr\u00f6sste Freude macht, \u00fcber Ihre Sammlung zu sprechen. Sollten Sie Tauschgesch\u00e4fte per Korrespondenz machen, seien Sie vorsichtig und beschr\u00e4nken Sie sich vor allem beim ersten Mal auf geringe Werte. Und warum nicht mit Ihrem Tauschpartner telefonieren, um so mehr \u00fcber seine Motivationen und seine Vorstellungen von der Transaktion zu erfahren.<br \/>\nIn der Regel wird eins gegen eins getauscht, wobei es sich nat\u00fcrlich um gleichwertige Flacons handelt. Man tauscht \u00fcblicherweise einen Flacon mit Box gegen einen Flacon mit Box, einen antiken gegen einen antiken, einen neueren gegen einen neueren &#8230; Es hindert Sie aber nichts daran, mehrere g\u00e4ngige Flacons gegen ein seltenes St\u00fcck zu tauschen; Hauptsache ist, dass beide Seiten sich einig sind, und keiner sich betrogen f\u00fchlt. Aber es ist illusorisch zu glauben, dass Sie einen antiken Nina Ricci gegen einen Yves Rocher oder Givenchy bekommen!<br \/>\nTausch mit Fachleuten ist ein besonderer Fall. Auf Messen ist ihre Zeit kostbar, und Tausch braucht nun mal oft Zeit. Passen Sie am besten einen Zeitpunkt ab, wo keine Kundschaft auf dem Messestand ist (bei der Er\u00f6ffnung, kurz vor Schluss, in der Mittagspause &#8230;). Machen Sie die Flacons ausfindig, die den Ihrigen etwa gleichwertig sind und die Sie interessieren. Ein H\u00e4ndler wird in der Regel an Flacons Interesse bekunden, die er selbst nicht auf Lager hat, und sie gerne gegen andere tauschen, von denen er mehrere Exemplare hat. Und nat\u00fcrlich, wenn er selber, wie das h\u00e4ufig der Fall ist, sammelt, will er bestimmt jeden Flacon, den er noch nicht hat, f\u00fcr seine Privatsammlung haben wollen. Viele Fachleute haben Kosten, die mit ihrer T\u00e4tigkeit verbunden sind, und m\u00fcssen Gewinn machen; daher verlangen sie oft zwei Flacons gegen einen. Das sollte Sie nicht schockieren. Sie m\u00fcssen nur selbst entscheiden, ob das Gesch\u00e4ft f\u00fcr Sie interessant bleibt. Zum Tauschen gibt es viele M\u00f6glichkeiten: Kleinanzeigen in Sammlerzeitschriften, L\u00e4den, Flohm\u00e4rkte, Messen. Fachausstellungen sind ebenfalls interessant.<\/div>\n<h4><\/h4>\n<h4><strong>Wie sollte man seine Sammlung organisieren?<\/strong><\/h4>\n<div class=\"text\" align=\"justify\">Anfangs erinnert man sich noch an jedes St\u00fcck seiner Sammlung. Aber im Laufe der Zeit wird es immer schwieriger zu wissen, ob man diese oder jene Variante hat, oder ob der Flacon, der uns interessiert, in einem besseren Zustand ist, als der der man hat. Haben Sie \u00fcberhaupt noch die Verpackung? Diese Zweifel sowie das Risiko, ein interessantes St\u00fcck zu verpassen, oder, im Gegenteil, eins doppelt zu haben, k\u00f6nnen Sie leicht vermeiden, indem Sie von Anfang an alle St\u00fccke in Ihrem Besitz notieren. Auf dieser Liste vermerken Sie sowohl den Namen und den Fabrikanten als auch eventuelle Variationen (goldener Verschluss, schwarzer Verschluss &#8230;), den Zustand des Flacons (leer, mit Verpackung, besch\u00e4digt &#8230;), und am besten auch Ihren Kaufpreis, um so den Kurs des Flacons zu verfolgen. Und wenn Sie \u00fcber eine Digitalkamera verf\u00fcgen, machen Sie Bilder &#8211; damit wird Ihre Liste ein wundervolles Handwerkszeug.<br \/>\nDiese Liste kann Ihnen dabei helfen, denn zus\u00e4tzlich zu jeder Referenznummer haben Sie eine Abbildung, mit Informationen \u00fcber Ihre eigenen St\u00fccke zu erg\u00e4nzen. Somit k\u00f6nnen Sie eine Liste der St\u00fccke aufstellen, die Ihnen fehlen, und die Sie bevorzugt erwerben m\u00f6chten.<br \/>\nUm Ihnen die Arbeit zu erleichtern, finden Sie vor jeder Referenz ein kleines Feld, um anzukreuzen, welche St\u00fccke Sie schon haben. Wir raten Ihnen z.B. mit schwarz die anzukreuzen, die Sie komplett haben, mit blau die ohne Verpackung und mit rot die Flacons mit Fehler.<br \/>\nBem\u00fchen Sie sich von Anfang an, diese Liste kontinuierlich weiter zu f\u00fchren, denn wenn Sie erst viele Flacons haben, haben Sie wahrscheinlich nicht mehr die Lust, alles &#8222;nach zu arbeiten&#8220;. Das Verwalten Ihrer Sammlung per Computer, wenn Sie die M\u00f6glichkeit dazu haben, ist eine ausgezeichnete L\u00f6sung und jedes Datenbankprogramm eignet sich daf\u00fcr.<\/div>\n<div align=\"justify\"><\/div>\n<h4><\/h4>\n<h4><strong>Proben oder Miniaturen?<\/strong><\/h4>\n<div class=\"text\" align=\"justify\">Es herrscht eine grosse Debatte \u00fcber die Definition der Begriffe Proben und Miniaturen. Eine Probe ist ein Gratisprodukt mit einer kleinen Menge (manchmal auch bis zu 25 ml wie manche Shalimar Proben von Guerlain) des Produktes, dessen Verkauf gef\u00f6rdert werden soll. Diese Probe kann verschiedene Formen haben: ein R\u00f6hrchen, ein Standardflacon oder eine mehr oder weniger genaue Kopie der handels\u00fcblichen Form.<br \/>\nEine Miniatur ist ein Produkt in kleiner Gr\u00f6sse. Es kann sich hierbei sowohl um eine Probe, als auch um einen zum Verkauf bestimmten kleinen Flacon handeln.<br \/>\nSollte man lieber das eine oder das andere sammeln? Wir meinen, Sie sollten das sammeln, was Ihnen Spass macht, ohne das eine oder das andere zu verp\u00f6nen, ohne der einen oder anderen Mode zu folgen. Warum, wie manche behaupten, sollte der Vermerk &#8222;Verkauf ausschliesslich bei anerkanntem Vertrieb&#8220; statt &#8222;Nicht zum Verkauf&#8220; den Wert eines Flacons mindern? Vor allem, da es sich meist um die gleichen Flacons handelt, wenn beide Varianten existieren. Wenn man die kleinste Gr\u00f6sse in einer luxuri\u00f6sen Aufmachung und h\u00e4ufig h\u00fcbscher als die Miniatur findet, und zu einem angemessenen Preis, warum sollte man darauf verzichten.<br \/>\nAufgrund der Organisation des Sammlermarktes sieht man Miniaturen auftauchen, deren Marken dem Publikum unbekannt sind, die nicht oder nur selten in Parf\u00fcmerien im Angebot sind. Im Gegensatz zu einer weitverbreiteten Meinung handelt es sich hierbei nicht um Produkte, die speziell f\u00fcr Sammler fabriziert werden (solche gibt es zwar, aber selten, und manche sind wundersch\u00f6n und finden zu Recht einen Platz in Ihrer Sammlung). Meist handelt es sich um franz\u00f6sische Fabrikate, die f\u00fcr den Exportmarkt bestimmt sind (Mittlerer Osten, Asien, Osteuropa, USA, S\u00fcdamerika), oder auch um Produkte, die urspr\u00fcnglich f\u00fcr einen regionalen Markt gedacht waren und dann in verschieden grossen Mengen in Frankreich gelandet sind. In dieser letzten Kategorie findet man oft italienische Flacons, die zwar nicht zu vernachl\u00e4ssigen sind, aber, da weit verbreitet, nicht teuer bezahlt werden sollten.<\/div>\n<div align=\"justify\"><\/div>\n<h4><\/h4>\n<h4><strong>Mit oder ohne Verpackung ?<\/strong><\/h4>\n<div class=\"text\" align=\"justify\">Meistens bevorzugen die Sammler Flacons mit Verpackung, was man nur bef\u00fcrworten kann. Die Box ist ein fester Bestandteil des Produktes, welches sie sch\u00fctzt und manchmal hervorhebt. Dank der Verpackung finden Sie auch wertvolle Informationen \u00fcber das Parfum und seinen Hersteller. Werfen Sie die Boxen nicht weg. Auch wenn Sie Ihre Flacons in einer Vitrine ausstellen, heben Sie die Verpackungen woanders auf. Wenn Sie eines Tages verkaufen oder tauschen wollen, kann die fehlende Box f\u00fcr manche Produkte eine grosse Wertminderung bedeuten.<br \/>\nFolgende Einschr\u00e4nkungen mildern allerdings diese Meinung:<br \/>\n&#8211; Wenn Sie nur bescheidene Mittel haben, k\u00f6nnen Sie Ihre Sammlung mit Flacons ohne Verpackung anfangen; aber nur wenn Sie diese viel billiger bekommen. Bei modernen und g\u00e4ngigen Flacons sollte die Wertminderung mindestens 50% betragen.<br \/>\n&#8211; Manche Flacons haben nie eine Box gehabt; es w\u00e4re schade, auf drei Mitte 1995 erschienene Lalique-Flacons zu verzichten, nur weil sie nicht im wahrsten Sinne des Wortes Proben sind (weil verkauft statt verschenkt wurden) und weil sie keine individuelle Verpackung haben.<br \/>\n&#8211; \u00c4ltere Flacons findet man nur selten mit Box (und wenn, dann ist diese oft fehlerhaft). Lassen Sie sich einen interessanten Flacon nicht entgehen, nur weil er ohne Box ist.<br \/>\nLassen Sie sich von Ihrem eigenen Empfinden und von der Sch\u00f6nheit Ihrer Funde leiten.<\/div>\n<div align=\"justify\"><\/div>\n<h4><\/h4>\n<h4><strong>Sets?<\/strong><\/h4>\n<div class=\"text\" align=\"justify\">Ein Set ist zun\u00e4chst eine Zusammenstellung von Flacons ohne eigene Box, d.h. weniger attraktiv als Flacons in individueller Verpackung.<br \/>\nHier muss man aber zwei total verschiedene Kategorien trennen. Zun\u00e4chst gibt es das Set eines einzigen Fabrikanten mit seinen verschiedenen Namen (Guerlain-Set mit 3 verschiedenen Eaux de Toilette z.B.). Diese Art Set ist oft mit einer kurzlebigen Werbeaktion verbunden und enth\u00e4lt manchmal Flacons, die teilweise als Einzelst\u00fcck sehr teuer oder vielleicht gar nicht zu bekommen sind. Diese sollten nicht \u00fcbersehen werden.<br \/>\nBei Sets mit verschiedenen Marken ist unsere Meinung reservierter. Hierbei handelt es sich oft um k\u00fcnstliche Zusammenstellungen von zweitrangigen Marken, die man auch leicht in Einzelverpackung findet. Diese Sets, wie sie z.B. oft im Duty-Free-Shop an Touristen verkauft werden, haben keinen h\u00f6heren Wert als die gleichen Miniaturen ohne Verpackung, sind aber oft genauso teuer wie Miniaturen mit Box. Rechnen Sie selbst.<\/div>\n<div align=\"justify\"><\/div>\n<h4><\/h4>\n<h4><strong>Literaturverzeichnis<\/strong><\/h4>\n<div class=\"text\" align=\"justify\">3000 ans de Parfumerie, Mus\u00e9e de l&#8217;Art et d&#8217;Histoire de Grasse ( Catalogue de l&#8217;Exposition 1980).<br \/>\nAnnuaire parfums Beaut\u00e9, Editions L. Johanet, 68 rue Boursault, 75017 Paris.<br \/>\nArmonia de fragancias, N. Busslinger, Editions Los 5 Centidos.<br \/>\nAromates et Parfums Cr\u00e9ateurs de Jeunesse, Marguerite Maury, Editions Champs Elys\u00e9es.<br \/>\nAutour du Parfum, Exposition, Le Louvre des Antiquaires, (Catalogue de l&#8217;Exposition 1985).<br \/>\nBaccarat, les flacons \u00e0 parfum, H Addor, Compagnie des Cristalleries de Baccarat 1994.<br \/>\nCartier, Hans Nadelhofen, Editions du regard 1984.<br \/>\nChanel Solitaire, Claude Delay, Editions Gallimard.<br \/>\nChimie des Parfums, S. Piesse, Editions J.B. Baillere et fils.<br \/>\nClassification des parfums, Comit\u00e9 Flacons de Parfums, 1989.<br \/>\nCommercial Perfume Bottles, Jacqueline Y. Jones North, Editions Shiffer Publishing-Pennsylvanie (USA)<br \/>\nCosm\u00e9tiques, Etre et Paraitre, F. Ghozland, Editions Milan, 1987.<br \/>\nDictionnaire des mati\u00e8res premi\u00e8res parfum\u00e9es, R. le Florentin, Editions H. Desforges.<br \/>\nDictionnaire des Parfums, 10\u00e8me \u00e9dition, Editions Sermadiras.<br \/>\nEchantillons de parfums Monique Cabr\u00e9, Editions Alternatives 1991.<br \/>\nEssai de bibliographie des parfums, JC Wiggishoff, Editions Journal de la Parfumerie.<br \/>\nEssai sur les Parfums, A. Travelier, Editions R. Chiberre.<br \/>\nFabrication des essences et des parfums, J.P. Durvelle, Editions H. Desforges.<br \/>\nFemmes &#8211; les grands mythes f\u00e9minins \u00e0 travers le monde, S. Mervin et C. Prunier, Editions Herme.<br \/>\nFragance guide f\u00e9minine notes, Muller, H &amp; R Edition.<br \/>\nFragance guide masculine notes, Muller, H &amp; R Edition.<br \/>\nGrain de Beaut\u00e9, un Si\u00e8cle de Beaut\u00e9, la Publicit\u00e9 par Claudine Chevrel, B\u00e9atrice Cornet, Somogy, Editions d&#8217;Art, 1993.<br \/>\nGuerlain, Colette Fellous, Editions Deno\u00ebl 1987.<br \/>\nGuide de la parfumerie, Editions Publi-Guid, 195 quai de la Gourdine, 77400 Lagny.<br \/>\nGuide du parfumeur num\u00e9ro 14, W. Askinson, Editions G. Camels.<br \/>\nGuide du Parfumeur, W. Askinson, Editions B. Tignol.<br \/>\nGuide to fragance ingr\u00e9dients, Muller, H &amp; R Edition.<br \/>\nHistoires de parfum, Comit\u00e9 Fran\u00e7ais du Parfum.<br \/>\nHistoires des parfums, S. Spiesse.<br \/>\nIl est des Parfums&#8230;, F. Sagan, G. Hanoteau, Editions Dullis.<br \/>\nIl est des Parfums (Tome 2), G. Hanoteau, Editions Dullis.<br \/>\nIl \u00e9tait une fois une histoire vraie, Gloria Vanderbuilt, Editions Belfond.<br \/>\nIntroduction \u00e0 l&#8217;\u00e9tude des parfums, T. Bassiri, Editions Masson.<br \/>\nJeanne Lanvin, J. Alaux, F. Baudot, S. de Chir\u00e9e, P. Mauries, Editions F.M.R.<br \/>\nL&#8217;allure de Chanel, Paul Morand, Editions Hermann.<br \/>\nL&#8217;art de Cartier, Catalogue de l&#8217;Expo du Petit Palais 89\/90, Editions Paris Mus\u00e9e.<br \/>\nL&#8217;art des parfums, Maurice Chastrette, Editions Hachette 1995<br \/>\nL&#8217;esth\u00e9tique en question, Edmond Roudnistska, Edtions Puf.<br \/>\nL&#8217;industrie moderne des parfums, H. Tatu, Editions J.B. Baill\u00e8re et fils.<br \/>\nL&#8217;intimit\u00e9 du parfum, O. Moreno, R. Bourdon, E. Roudnistska, Editions Perrin.<br \/>\nL&#8217;un des sens, Sylvie de Chir\u00e9e et Brigit Horlin, Editions Assouline.<br \/>\nLa fabuleuse histoire du B\u00e9b\u00e9 Cadum, M. Wlassikoff, J.L. Bodeux, Editions Syros Alternatives, 1990.<br \/>\nLa fleur et son parfum , Jean de Bossch\u00e8re, Editions Stock.<br \/>\nLa maison parfum\u00e9e, Jacqueline Josselin.<br \/>\nLalique, Marie-Claude Lalique.<br \/>\nLanc\u00f4me, Jacqueline Demornex, Editions du Regard.<br \/>\nLe charme secret d&#8217;une maison parfumier (Caron), Gr\u00e9goire Colard, Editions J.C. Lattes, 1984.<br \/>\nLe Fil d&#8217;Ariane des parfums Jean Prado, Editions Trigramme 1988.<br \/>\nLe grand jeu de la s\u00e9duction , Cl. Degrese et P. Amory, Editions Robert Laffont.<br \/>\nLe grand livre des parfums, William I. Kaufman, Editions Minerva Vilo.<br \/>\nLe guide du parfum, C. Sandrel et L. Gurgan, Editions La Garanci\u00e8re.<br \/>\nLe livre d&#8217;amateurs de parfums, Marie-Jos\u00e9 Colombani et J.R. Bourrec, Editions D. Briand\/ R. Laffont.<br \/>\nLe Livre d&#8217;heures, des flacons et des r\u00eaves, F\u00e9d\u00e9rico Restrepo, Editions Milan, 1995.<br \/>\nLe livre de la parfumerie de famille, E. Woestyn.<br \/>\nLe livre des odeurs, Ruth Winter, Editions du Seuil.<br \/>\nLe livre des parfums, E. Rimmet, Editions du Layet.<br \/>\nLe livre des parfums, Sylvie Girard, Editions Messidor.<br \/>\nLe miasme et la jonquille, Corbin, Editions Flammarion.<br \/>\nLe myst\u00e9rieux language des parfums et des fleurs, Editions Promothea 1993.<br \/>\nLe parfum du midi, Fr\u00e9d\u00e9ric Vernet, Editions Lacour 1993<br \/>\nLe parfum, Anne-Marie Schwebel, Editions Epigones 1993.<br \/>\nLe parfum, Edmond Roudnitska, PUF 1994.<br \/>\nLe parfum, J.L. Sieff et Elisabeth Barille, Editions Votre Beaut\u00e9.<br \/>\nLe sillage des \u00e9l\u00e9gantes, Maryl\u00e8ne Delbourg-Delphin, Editions J.C. Latt\u00e8s.<br \/>\nLe verre, un emballage d&#8217;avenir, Saint-Gobin-Desjonqui\u00e8res, Editions Nathan.<br \/>\nLes cinq sens, Michel Serres, Editions Grasset.<br \/>\nLes flacons de la s\u00e9duction, Ghislaine Pillivuyt, Pauline Mercier, et Doris Jacubec, Editions Biblioth\u00e8que des arts 1986.<br \/>\nLes flacons, Serge Mansau, Editions la Martini\u00e8re 1995<br \/>\nLes forces de l&#8217;\u00e2ge, Robert Aron Bruneti\u00e8re, Editions Albin Michel.<br \/>\nLes odeurs et les parfums, Dr Etienne Tardif.<br \/>\nLes parfums artificiels, E. Charabot, Editions J.B. Baill\u00e8re et Fils.<br \/>\nLes parfums, R. Cazc.<br \/>\nLes parfums, Ren\u00e9 Le Florentin, Editions H. Desforges.<br \/>\nLes pouvoirs de l&#8217;odeur, Annick Le Guerer, Editions Fran\u00e7oise Bourin.<br \/>\nLes senteurs du temps, Expostion Guerlain, 1994.<br \/>\nMagie Astrale des Parfums, Georges Muchery, Editions du Charriot.<br \/>\nMarcel Rochas 1925-1955, Fran\u00e7oise Mohut, Editions Jacques Damas.<br \/>\nMiniatures de parfums, Andr\u00e9 Villain, Alain Dr\u00e9ano, Editions M.A.D.<br \/>\nMolinard, Album \u00e9dit\u00e9 pour le centenaire, disponible chez Grasse.<br \/>\nOdeurs et Parfums, Jacques Le Magnen, Editions Que Sais-Je.<br \/>\nOdeurs: l&#8217;Essence d&#8217;un Sens, J. Blanc-Mouchet, Editions Autrement.<br \/>\nParfums Caron, Thierry Cardot, Editions EPA 1988.<br \/>\nParfums en Architecture, Carnet de Voyage, J.L de Sauverzac, Editions Th\u00e9r\u00e8se Vian.<br \/>\nParfums et Aromates de l&#8217;Antiquit\u00e9, Paul Faure, Editions Fayard.<br \/>\nParfums Fantasmes, F. Ghozland, Editions Milan.<br \/>\nParfums flacon und riechflaschchen, Edmund Launert, Editions Heyne.<br \/>\nParfums, J.Y. Gaborit, Editions Vilo.<br \/>\nParfums, le guide, Lucas Turin, Editions Herm\u00e9 1994.<br \/>\nPatou ,Meredith Etherington-Smith , Editions Deno\u00ebl.<br \/>\nPerfume bottles remembered, Emily Hart Killian.<br \/>\nP\u00e9trole Hann, des Cheveux des Hommes, Daniel Bordet, Michel Pouffier, Somogy Editions d&#8217;Art,1993.<br \/>\nPour le Parfumeur, Amateur ou Professionnel, A. Travalier, Editions Dunod.<br \/>\nPour quelques gouttes de parfum, Marianne Lichtenberg, Editions Parfums Molyneux.<br \/>\nPsychologie de la cr\u00e9ation, l&#8217;Art des Parfums \u00e0 la litt\u00e9rature, P. Debray-Ritzen, Editions Albin Haller.<br \/>\nQuestion de parfumerie, Essai sur l&#8217;Art et la Cr\u00e9ation en Parfumerie, Editions Cortmann.<br \/>\nRoget &amp; Gallet, Parfumeurs et Cr\u00e9ateurs, Editions de l&#8217;Association pour la Promotion de la Culture \u00e0 Bernay, 1987.<br \/>\nSentir, J. Vignaud, Editions Presses Universitaires.<br \/>\nSillages, Guy Laroche, Editions Saint-Germain.<br \/>\nSous le signe du parfum, Edmond Roudnistska, Editions de l&#8217;Albaron.<br \/>\nTechnologie et Chimie de parfums naturels, Y.R Naves, Editions Masson et Cie.<br \/>\nThe H&amp;R Book of perfumes, Hall.<br \/>\nTous les parfums du Monde, Claude et Danielle Berger, Editions Milan 1995.<br \/>\nUn si\u00e8cle d&#8217;\u00e9chantillons Guerlain , Mich\u00e8le Atlas et Alain Monniot, Editions Milan, 1995.<br \/>\nUne vie au service du parfum, Edmond Roundnistska, Editions Th\u00e9r\u00e8se Vian.<br \/>\nVerriers fran\u00e7ais contemporains, Art et Industrie, Editions Mus\u00e9e des Arts D\u00e9coratifs.<\/div>\n\n\t\t<\/div>\n\t<\/div>\n<\/div><\/div><\/div><\/div>","protected":false},"excerpt":{"rendered":"Wie baut man eine Parfumsammlung auf Was sollte man sammeln? Wie sollte man sortieren? Welche Proben sollte man kaufen? Auf diese Fragen, die oft von Anf\u00e4ngern gestellt werden, gibt es nur eine Antwort: lassen Sie sich von Ihrem eigenen Geschmack leiten. Jeder gestaltet sein Hobby nach seinen W\u00fcnschen, seinen M\u00f6glichkeiten und seinen Begrenzungen. Es gibt [...]","protected":false},"author":1,"featured_media":0,"parent":0,"menu_order":0,"comment_status":"closed","ping_status":"closed","template":"","meta":{"footnotes":""},"class_list":["post-7720","page","type-page","status-publish","hentry"],"_links":{"self":[{"href":"https:\/\/parfumminis.com\/en\/wp-json\/wp\/v2\/pages\/7720","targetHints":{"allow":["GET"]}}],"collection":[{"href":"https:\/\/parfumminis.com\/en\/wp-json\/wp\/v2\/pages"}],"about":[{"href":"https:\/\/parfumminis.com\/en\/wp-json\/wp\/v2\/types\/page"}],"author":[{"embeddable":true,"href":"https:\/\/parfumminis.com\/en\/wp-json\/wp\/v2\/users\/1"}],"replies":[{"embeddable":true,"href":"https:\/\/parfumminis.com\/en\/wp-json\/wp\/v2\/comments?post=7720"}],"version-history":[{"count":4,"href":"https:\/\/parfumminis.com\/en\/wp-json\/wp\/v2\/pages\/7720\/revisions"}],"predecessor-version":[{"id":7826,"href":"https:\/\/parfumminis.com\/en\/wp-json\/wp\/v2\/pages\/7720\/revisions\/7826"}],"wp:attachment":[{"href":"https:\/\/parfumminis.com\/en\/wp-json\/wp\/v2\/media?parent=7720"}],"curies":[{"name":"wp","href":"https:\/\/api.w.org\/{rel}","templated":true}]}}